{"id":2,"date":"2025-10-26T20:16:09","date_gmt":"2025-10-26T20:16:09","guid":{"rendered":"https:\/\/gdanska147g.pl\/?page_id=2"},"modified":"2025-10-31T16:57:42","modified_gmt":"2025-10-31T16:57:42","slug":"sample-page","status":"publish","type":"page","link":"https:\/\/gdanska147g.pl\/","title":{"rendered":""},"content":{"rendered":"\t\t<div data-elementor-type=\"wp-page\" data-elementor-id=\"2\" class=\"elementor elementor-2\">\n\t\t\t\t<div class=\"elementor-element elementor-element-67d25b8 e-flex e-con-boxed e-con e-parent\" data-id=\"67d25b8\" data-element_type=\"container\" data-e-type=\"container\">\n\t\t\t\t\t<div class=\"e-con-inner\">\n\t\t\t\t<div class=\"elementor-element elementor-element-8e7dafa elementor-invisible elementor-widget elementor-widget-image\" data-id=\"8e7dafa\" data-element_type=\"widget\" data-e-type=\"widget\" data-settings=\"{&quot;_animation&quot;:&quot;fadeInLeft&quot;}\" data-widget_type=\"image.default\">\n\t\t\t\t\t\t\t\t\t\t\t\t\t\t\t<img fetchpriority=\"high\" decoding=\"async\" width=\"800\" height=\"450\" src=\"https:\/\/gdanska147g.pl\/wp-content\/uploads\/2025\/10\/B4C-1024x576.jpg\" class=\"attachment-large size-large wp-image-15\" alt=\"\" srcset=\"https:\/\/gdanska147g.pl\/wp-content\/uploads\/2025\/10\/B4C-1024x576.jpg 1024w, https:\/\/gdanska147g.pl\/wp-content\/uploads\/2025\/10\/B4C-300x169.jpg 300w, https:\/\/gdanska147g.pl\/wp-content\/uploads\/2025\/10\/B4C-768x432.jpg 768w, https:\/\/gdanska147g.pl\/wp-content\/uploads\/2025\/10\/B4C-1536x864.jpg 1536w, https:\/\/gdanska147g.pl\/wp-content\/uploads\/2025\/10\/B4C-2048x1152.jpg 2048w\" sizes=\"(max-width: 800px) 100vw, 800px\" \/>\t\t\t\t\t\t\t\t\t\t\t\t\t\t\t<\/div>\n\t\t\t\t\t<\/div>\n\t\t\t\t<\/div>\n\t\t<div class=\"elementor-element elementor-element-e6917ee e-flex e-con-boxed e-con e-parent\" data-id=\"e6917ee\" data-element_type=\"container\" data-e-type=\"container\">\n\t\t\t\t\t<div class=\"e-con-inner\">\n\t\t\t\t<div class=\"elementor-element elementor-element-62302d7 elementor-widget elementor-widget-heading\" data-id=\"62302d7\" data-element_type=\"widget\" data-e-type=\"widget\" data-widget_type=\"heading.default\">\n\t\t\t\t\t<h2 class=\"elementor-heading-title elementor-size-default\">Informacje podstawowe<\/h2>\t\t\t\t<\/div>\n\t\t\t\t\t<\/div>\n\t\t\t\t<\/div>\n\t\t<div class=\"elementor-element elementor-element-02d3eef e-grid e-con-boxed e-con e-parent\" data-id=\"02d3eef\" data-element_type=\"container\" data-e-type=\"container\">\n\t\t\t\t\t<div class=\"e-con-inner\">\n\t\t\t\t<div class=\"elementor-element elementor-element-28eb4f8 elementor-widget elementor-widget-text-editor\" data-id=\"28eb4f8\" data-element_type=\"widget\" data-e-type=\"widget\" data-widget_type=\"text-editor.default\">\n\t\t\t\t\t\t\t\t\t<p>Adres nieruchomo\u015bci: Gda\u0144ska 147G.<\/p><p>Nr ksi\u0119gi wieczystej: BY1B\/00134121.<\/p><p>Powierzchnia dzia\u0142ki: 3000m2.<\/p><p>Powierzchnia istniej\u0105cego budynku: 1060m2.<\/p><p>Uj\u0119ty jest on w Wojew\u00f3dzkim Rejestrze Zabytk\u00f3w.<\/p><p>Wydano warunki zabudowy dla kolejnego budynku o powierzchni ok. 2000 m2.<\/p>\t\t\t\t\t\t\t\t<\/div>\n\t\t\t\t<div class=\"elementor-element elementor-element-ef14ab6 elementor-invisible elementor-widget elementor-widget-image\" data-id=\"ef14ab6\" data-element_type=\"widget\" data-e-type=\"widget\" data-settings=\"{&quot;_animation&quot;:&quot;fadeInRight&quot;}\" data-widget_type=\"image.default\">\n\t\t\t\t\t\t\t\t\t\t\t\t\t\t\t<img decoding=\"async\" width=\"800\" height=\"609\" src=\"https:\/\/gdanska147g.pl\/wp-content\/uploads\/2025\/10\/B1-1024x779.jpg\" class=\"attachment-large size-large wp-image-24\" alt=\"\" srcset=\"https:\/\/gdanska147g.pl\/wp-content\/uploads\/2025\/10\/B1-1024x779.jpg 1024w, https:\/\/gdanska147g.pl\/wp-content\/uploads\/2025\/10\/B1-300x228.jpg 300w, https:\/\/gdanska147g.pl\/wp-content\/uploads\/2025\/10\/B1-768x584.jpg 768w, https:\/\/gdanska147g.pl\/wp-content\/uploads\/2025\/10\/B1-1536x1168.jpg 1536w, https:\/\/gdanska147g.pl\/wp-content\/uploads\/2025\/10\/B1-2048x1557.jpg 2048w\" sizes=\"(max-width: 800px) 100vw, 800px\" \/>\t\t\t\t\t\t\t\t\t\t\t\t\t\t\t<\/div>\n\t\t\t\t\t<\/div>\n\t\t\t\t<\/div>\n\t\t<div class=\"elementor-element elementor-element-24d1da7 e-flex e-con-boxed e-con e-parent\" data-id=\"24d1da7\" data-element_type=\"container\" data-e-type=\"container\">\n\t\t\t\t\t<div class=\"e-con-inner\">\n\t\t\t\t<div class=\"elementor-element elementor-element-bfef7d9 elementor-invisible elementor-widget elementor-widget-image\" data-id=\"bfef7d9\" data-element_type=\"widget\" data-e-type=\"widget\" data-settings=\"{&quot;_animation&quot;:&quot;fadeInLeft&quot;}\" data-widget_type=\"image.default\">\n\t\t\t\t\t\t\t\t\t\t\t\t\t\t\t<img decoding=\"async\" width=\"800\" height=\"450\" src=\"https:\/\/gdanska147g.pl\/wp-content\/uploads\/2025\/10\/B6C-1024x576.jpg\" class=\"attachment-large size-large wp-image-26\" alt=\"\" srcset=\"https:\/\/gdanska147g.pl\/wp-content\/uploads\/2025\/10\/B6C-1024x576.jpg 1024w, https:\/\/gdanska147g.pl\/wp-content\/uploads\/2025\/10\/B6C-300x169.jpg 300w, https:\/\/gdanska147g.pl\/wp-content\/uploads\/2025\/10\/B6C-768x432.jpg 768w, https:\/\/gdanska147g.pl\/wp-content\/uploads\/2025\/10\/B6C-1536x864.jpg 1536w, https:\/\/gdanska147g.pl\/wp-content\/uploads\/2025\/10\/B6C-2048x1152.jpg 2048w\" sizes=\"(max-width: 800px) 100vw, 800px\" \/>\t\t\t\t\t\t\t\t\t\t\t\t\t\t\t<\/div>\n\t\t\t\t\t<\/div>\n\t\t\t\t<\/div>\n\t\t<div class=\"elementor-element elementor-element-ccf01bf e-flex e-con-boxed e-con e-parent\" data-id=\"ccf01bf\" data-element_type=\"container\" data-e-type=\"container\">\n\t\t\t\t\t<div class=\"e-con-inner\">\n\t\t\t\t<div class=\"elementor-element elementor-element-4930f34 elementor-widget elementor-widget-text-editor\" data-id=\"4930f34\" data-element_type=\"widget\" data-e-type=\"widget\" id=\"opis\" data-widget_type=\"text-editor.default\">\n\t\t\t\t\t\t\t\t\t<p><strong>Opis nieruchomo\u015bci<\/strong><\/p><p>Istniej\u0105cy budynek powsta\u0142 w 1889 roku na cele wojskowe. Mie\u015bci\u0142o si\u0119 tutaj kasynowe oficerskie 15. Pu\u0142ku Artylerii Lekkiej oraz 11. Dywizjonu Artylerii Konnej. Elewacj\u0119 budynku charakteryzuje specyficzna czerwona ceg\u0142a tzw. mur pruski oraz drewniana weranda.<\/p><p>Nieruchomo\u015b\u0107 s\u0105siaduje z drog\u0105 krajow\u0105 nr 80 oraz ulic\u0105 Gda\u0144sk\u0105, kt\u00f3ra umo\u017cliwia szybki dojazd do w\u0119z\u0142a drogi ekspresowej S5. Linia tramwajowa umo\u017cliwia szybki dojazd do centrum miasta. Ok. 300 metr\u00f3w od rzeczonej nieruchomo\u015bci znajduje si\u0119 nowy gmach Akademii Muzycznej wraz z parkiem, a nieco dalej inne obiekty tzw. bydgoskiej dzielnicy muzycznej. Blisko nieruchomo\u015bci znajduje si\u0119 te\u017c stadion Zawiszy Bydgoszcz oraz kilka supermarket\u00f3w. Dodatkowe atuty to bliska lokalizacja g\u0142\u00f3wnego kampusu Uniwersytetu Kazimierza Wielkiego oraz jego biblioteki uniwersyteckiej, a tak\u017ce \u017cu\u017clowego stadionu Polonii Bydgoszcz. Ofert\u0119 rekreacyjn\u0105 uzupe\u0142nia blisko\u015b\u0107 boiska typu Orlik oraz Le\u015bnego Parku Kultury i Wypoczynku ,,My\u015bl\u0119cinek\u201d.<\/p>\t\t\t\t\t\t\t\t<\/div>\n\t\t\t\t<div class=\"elementor-element elementor-element-230663a elementor-widget elementor-widget-image\" data-id=\"230663a\" data-element_type=\"widget\" data-e-type=\"widget\" data-widget_type=\"image.default\">\n\t\t\t\t\t\t\t\t\t\t\t\t\t\t\t<img loading=\"lazy\" decoding=\"async\" width=\"800\" height=\"568\" src=\"https:\/\/gdanska147g.pl\/wp-content\/uploads\/2025\/10\/plan-gdansak-1024x727.png\" class=\"attachment-large size-large wp-image-58\" alt=\"\" srcset=\"https:\/\/gdanska147g.pl\/wp-content\/uploads\/2025\/10\/plan-gdansak-1024x727.png 1024w, https:\/\/gdanska147g.pl\/wp-content\/uploads\/2025\/10\/plan-gdansak-300x213.png 300w, https:\/\/gdanska147g.pl\/wp-content\/uploads\/2025\/10\/plan-gdansak-768x545.png 768w, https:\/\/gdanska147g.pl\/wp-content\/uploads\/2025\/10\/plan-gdansak.png 1138w\" sizes=\"(max-width: 800px) 100vw, 800px\" \/>\t\t\t\t\t\t\t\t\t\t\t\t\t\t\t<\/div>\n\t\t\t\t\t<\/div>\n\t\t\t\t<\/div>\n\t\t<div class=\"elementor-element elementor-element-1c53346 e-flex e-con-boxed e-con e-parent\" data-id=\"1c53346\" data-element_type=\"container\" data-e-type=\"container\">\n\t\t\t\t\t<div class=\"e-con-inner\">\n\t\t\t\t<div class=\"elementor-element elementor-element-8b5eaf9 elementor-widget elementor-widget-heading\" data-id=\"8b5eaf9\" data-element_type=\"widget\" data-e-type=\"widget\" id=\"galeria\" data-widget_type=\"heading.default\">\n\t\t\t\t\t<h2 class=\"elementor-heading-title elementor-size-default\">Galeria wizualizacji<\/h2>\t\t\t\t<\/div>\n\t\t\t\t\t<\/div>\n\t\t\t\t<\/div>\n\t\t<div class=\"elementor-element elementor-element-b91a0c5 e-flex e-con-boxed e-con e-parent\" data-id=\"b91a0c5\" data-element_type=\"container\" data-e-type=\"container\">\n\t\t\t\t\t<div class=\"e-con-inner\">\n\t\t\t\t<div class=\"elementor-element elementor-element-7bf3fca elementor-widget elementor-widget-image-gallery\" data-id=\"7bf3fca\" data-element_type=\"widget\" data-e-type=\"widget\" data-widget_type=\"image-gallery.default\">\n\t\t\t\t\t\t\t<div class=\"elementor-image-gallery\">\n\t\t\t<div id='gallery-1' class='gallery galleryid-2 gallery-columns-4 gallery-size-thumbnail'><figure class='gallery-item'>\n\t\t\t<div class='gallery-icon landscape'>\n\t\t\t\t<a data-elementor-open-lightbox=\"yes\" data-elementor-lightbox-slideshow=\"7bf3fca\" data-elementor-lightbox-title=\"B6C\" data-e-action-hash=\"#elementor-action%3Aaction%3Dlightbox%26settings%3DeyJpZCI6MjYsInVybCI6Imh0dHBzOlwvXC9nZGFuc2thMTQ3Zy5wbFwvd3AtY29udGVudFwvdXBsb2Fkc1wvMjAyNVwvMTBcL0I2Qy1zY2FsZWQuanBnIiwic2xpZGVzaG93IjoiN2JmM2ZjYSJ9\" href='https:\/\/gdanska147g.pl\/wp-content\/uploads\/2025\/10\/B6C-scaled.jpg'><img loading=\"lazy\" decoding=\"async\" width=\"150\" height=\"150\" src=\"https:\/\/gdanska147g.pl\/wp-content\/uploads\/2025\/10\/B6C-150x150.jpg\" class=\"attachment-thumbnail size-thumbnail\" alt=\"\" \/><\/a>\n\t\t\t<\/div><\/figure><figure class='gallery-item'>\n\t\t\t<div class='gallery-icon landscape'>\n\t\t\t\t<a data-elementor-open-lightbox=\"yes\" data-elementor-lightbox-slideshow=\"7bf3fca\" data-elementor-lightbox-title=\"B2\" data-e-action-hash=\"#elementor-action%3Aaction%3Dlightbox%26settings%3DeyJpZCI6MjUsInVybCI6Imh0dHBzOlwvXC9nZGFuc2thMTQ3Zy5wbFwvd3AtY29udGVudFwvdXBsb2Fkc1wvMjAyNVwvMTBcL0IyLXNjYWxlZC5qcGciLCJzbGlkZXNob3ciOiI3YmYzZmNhIn0%3D\" href='https:\/\/gdanska147g.pl\/wp-content\/uploads\/2025\/10\/B2-scaled.jpg'><img loading=\"lazy\" decoding=\"async\" width=\"150\" height=\"150\" src=\"https:\/\/gdanska147g.pl\/wp-content\/uploads\/2025\/10\/B2-150x150.jpg\" class=\"attachment-thumbnail size-thumbnail\" alt=\"\" \/><\/a>\n\t\t\t<\/div><\/figure><figure class='gallery-item'>\n\t\t\t<div class='gallery-icon landscape'>\n\t\t\t\t<a data-elementor-open-lightbox=\"yes\" data-elementor-lightbox-slideshow=\"7bf3fca\" data-elementor-lightbox-title=\"B3\" data-e-action-hash=\"#elementor-action%3Aaction%3Dlightbox%26settings%3DeyJpZCI6MjMsInVybCI6Imh0dHBzOlwvXC9nZGFuc2thMTQ3Zy5wbFwvd3AtY29udGVudFwvdXBsb2Fkc1wvMjAyNVwvMTBcL0IzLXNjYWxlZC5qcGciLCJzbGlkZXNob3ciOiI3YmYzZmNhIn0%3D\" href='https:\/\/gdanska147g.pl\/wp-content\/uploads\/2025\/10\/B3-scaled.jpg'><img loading=\"lazy\" decoding=\"async\" width=\"150\" height=\"150\" src=\"https:\/\/gdanska147g.pl\/wp-content\/uploads\/2025\/10\/B3-150x150.jpg\" class=\"attachment-thumbnail size-thumbnail\" alt=\"\" \/><\/a>\n\t\t\t<\/div><\/figure><figure class='gallery-item'>\n\t\t\t<div class='gallery-icon landscape'>\n\t\t\t\t<a data-elementor-open-lightbox=\"yes\" data-elementor-lightbox-slideshow=\"7bf3fca\" data-elementor-lightbox-title=\"B1\" data-e-action-hash=\"#elementor-action%3Aaction%3Dlightbox%26settings%3DeyJpZCI6MjQsInVybCI6Imh0dHBzOlwvXC9nZGFuc2thMTQ3Zy5wbFwvd3AtY29udGVudFwvdXBsb2Fkc1wvMjAyNVwvMTBcL0IxLXNjYWxlZC5qcGciLCJzbGlkZXNob3ciOiI3YmYzZmNhIn0%3D\" href='https:\/\/gdanska147g.pl\/wp-content\/uploads\/2025\/10\/B1-scaled.jpg'><img loading=\"lazy\" decoding=\"async\" width=\"150\" height=\"150\" src=\"https:\/\/gdanska147g.pl\/wp-content\/uploads\/2025\/10\/B1-150x150.jpg\" class=\"attachment-thumbnail size-thumbnail\" alt=\"\" \/><\/a>\n\t\t\t<\/div><\/figure><figure class='gallery-item'>\n\t\t\t<div class='gallery-icon landscape'>\n\t\t\t\t<a data-elementor-open-lightbox=\"yes\" data-elementor-lightbox-slideshow=\"7bf3fca\" data-elementor-lightbox-title=\"B5\" data-e-action-hash=\"#elementor-action%3Aaction%3Dlightbox%26settings%3DeyJpZCI6MjIsInVybCI6Imh0dHBzOlwvXC9nZGFuc2thMTQ3Zy5wbFwvd3AtY29udGVudFwvdXBsb2Fkc1wvMjAyNVwvMTBcL0I1LXNjYWxlZC5qcGciLCJzbGlkZXNob3ciOiI3YmYzZmNhIn0%3D\" href='https:\/\/gdanska147g.pl\/wp-content\/uploads\/2025\/10\/B5-scaled.jpg'><img loading=\"lazy\" decoding=\"async\" width=\"150\" height=\"150\" src=\"https:\/\/gdanska147g.pl\/wp-content\/uploads\/2025\/10\/B5-150x150.jpg\" class=\"attachment-thumbnail size-thumbnail\" alt=\"\" \/><\/a>\n\t\t\t<\/div><\/figure>\n\t\t<\/div>\n\t\t<\/div>\n\t\t\t\t\t\t<\/div>\n\t\t\t\t\t<\/div>\n\t\t\t\t<\/div>\n\t\t<div class=\"elementor-element elementor-element-49713db e-flex e-con-boxed e-con e-parent\" data-id=\"49713db\" data-element_type=\"container\" data-e-type=\"container\">\n\t\t\t\t\t<div class=\"e-con-inner\">\n\t\t\t\t<div class=\"elementor-element elementor-element-3a47f07 elementor-widget elementor-widget-heading\" data-id=\"3a47f07\" data-element_type=\"widget\" data-e-type=\"widget\" data-widget_type=\"heading.default\">\n\t\t\t\t\t<h2 class=\"elementor-heading-title elementor-size-default\">Kontakt<\/h2>\t\t\t\t<\/div>\n\t\t\t\t\t<\/div>\n\t\t\t\t<\/div>\n\t\t<div class=\"elementor-element elementor-element-8ab9bef e-grid e-con-boxed e-con e-parent\" data-id=\"8ab9bef\" data-element_type=\"container\" data-e-type=\"container\">\n\t\t\t\t\t<div class=\"e-con-inner\">\n\t\t\t\t<div class=\"elementor-element elementor-element-81c717d elementor-widget elementor-widget-text-editor\" data-id=\"81c717d\" data-element_type=\"widget\" data-e-type=\"widget\" id=\"kontakt\" data-widget_type=\"text-editor.default\">\n\t\t\t\t\t\t\t\t\t<div class=\"elementor-element elementor-element-2c9db8b elementor-widget elementor-widget-text-editor\" data-id=\"2c9db8b\" data-element_type=\"widget\" data-widget_type=\"text-editor.default\"><div class=\"elementor-element elementor-element-7cb66b3 e-flex e-con-boxed e-con e-child\" data-id=\"7cb66b3\" data-element_type=\"container\" data-settings=\"{&quot;content_width&quot;:&quot;boxed&quot;}\"><div class=\"e-con-inner\"><div class=\"elementor-element elementor-element-e0c992a elementor-widget elementor-widget-text-editor\" data-id=\"e0c992a\" data-element_type=\"widget\" data-widget_type=\"text-editor.default\"><div class=\"elementor-widget-container\"><section id=\"block-30\" class=\"widget widget_block\"><h5 class=\"wp-block-heading has-text-align-center has-text-color\">Kontakt<\/h5><\/section><section id=\"block-32\" class=\"widget widget_block\"><p>Nieruchomo\u015bci KING Sp. z o.o.<\/p><p>ul. Pozna\u0144ska 32\/7<br \/>85-129 Bydgoszcz<br \/>NIP 9671400961<\/p><\/section><section id=\"block-47\" class=\"widget widget_block\"><p><strong>Piotr Koz\u0142owski<\/strong><\/p><p>pl-building@wp.pl<\/p><p>+48 666 148 777<\/p><\/section><\/div><\/div><\/div><\/div><\/div>\t\t\t\t\t\t\t\t<\/div>\n\t\t\t\t<div class=\"elementor-element elementor-element-f1b7f3d elementor-widget elementor-widget-image\" data-id=\"f1b7f3d\" data-element_type=\"widget\" data-e-type=\"widget\" data-widget_type=\"image.default\">\n\t\t\t\t\t\t\t\t\t\t\t\t\t\t\t<img loading=\"lazy\" decoding=\"async\" width=\"300\" height=\"300\" src=\"https:\/\/gdanska147g.pl\/wp-content\/uploads\/2025\/10\/cropped-king-logo-facebook-qdrpeyjeu8infkcumiz5hl2son9cil9lsp8xtt6om8-300x300.jpg\" class=\"attachment-medium size-medium wp-image-28\" alt=\"\" srcset=\"https:\/\/gdanska147g.pl\/wp-content\/uploads\/2025\/10\/cropped-king-logo-facebook-qdrpeyjeu8infkcumiz5hl2son9cil9lsp8xtt6om8-300x300.jpg 300w, https:\/\/gdanska147g.pl\/wp-content\/uploads\/2025\/10\/cropped-king-logo-facebook-qdrpeyjeu8infkcumiz5hl2son9cil9lsp8xtt6om8-150x150.jpg 150w, https:\/\/gdanska147g.pl\/wp-content\/uploads\/2025\/10\/cropped-king-logo-facebook-qdrpeyjeu8infkcumiz5hl2son9cil9lsp8xtt6om8.jpg 512w\" sizes=\"(max-width: 300px) 100vw, 300px\" \/>\t\t\t\t\t\t\t\t\t\t\t\t\t\t\t<\/div>\n\t\t\t\t\t<\/div>\n\t\t\t\t<\/div>\n\t\t\t\t<\/div>\n\t\t","protected":false},"excerpt":{"rendered":"<p>Informacje podstawowe Adres nieruchomo\u015bci: Gda\u0144ska 147G. Nr ksi\u0119gi wieczystej: BY1B\/00134121. Powierzchnia dzia\u0142ki: 3000m2. Powierzchnia istniej\u0105cego budynku: 1060m2. Uj\u0119ty jest on w Wojew\u00f3dzkim Rejestrze Zabytk\u00f3w. Wydano warunki zabudowy dla kolejnego budynku o powierzchni ok. 2000 m2. Opis nieruchomo\u015bci Istniej\u0105cy budynek powsta\u0142 w 1889 roku na cele wojskowe. Mie\u015bci\u0142o si\u0119 tutaj kasynowe oficerskie 15. Pu\u0142ku Artylerii Lekkiej [&hellip;]<\/p>\n","protected":false},"author":1,"featured_media":0,"parent":0,"menu_order":0,"comment_status":"closed","ping_status":"open","template":"","meta":{"footnotes":""},"class_list":["post-2","page","type-page","status-publish","hentry"],"_links":{"self":[{"href":"https:\/\/gdanska147g.pl\/index.php\/wp-json\/wp\/v2\/pages\/2","targetHints":{"allow":["GET"]}}],"collection":[{"href":"https:\/\/gdanska147g.pl\/index.php\/wp-json\/wp\/v2\/pages"}],"about":[{"href":"https:\/\/gdanska147g.pl\/index.php\/wp-json\/wp\/v2\/types\/page"}],"author":[{"embeddable":true,"href":"https:\/\/gdanska147g.pl\/index.php\/wp-json\/wp\/v2\/users\/1"}],"replies":[{"embeddable":true,"href":"https:\/\/gdanska147g.pl\/index.php\/wp-json\/wp\/v2\/comments?post=2"}],"version-history":[{"count":26,"href":"https:\/\/gdanska147g.pl\/index.php\/wp-json\/wp\/v2\/pages\/2\/revisions"}],"predecessor-version":[{"id":78,"href":"https:\/\/gdanska147g.pl\/index.php\/wp-json\/wp\/v2\/pages\/2\/revisions\/78"}],"wp:attachment":[{"href":"https:\/\/gdanska147g.pl\/index.php\/wp-json\/wp\/v2\/media?parent=2"}],"curies":[{"name":"wp","href":"https:\/\/api.w.org\/{rel}","templated":true}]}}